{"id":291,"date":"2016-11-01T08:23:44","date_gmt":"2016-11-01T07:23:44","guid":{"rendered":"https:\/\/www.jtekt.cz\/home\/"},"modified":"2018-10-14T23:46:45","modified_gmt":"2018-10-14T21:46:45","slug":"home","status":"publish","type":"page","link":"https:\/\/www.jtekt.cz\/en\/home\/","title":{"rendered":"Home"},"content":{"rendered":"<h2>\n\t\t\t\tJTEKT AUTOMOTIVE<br \/>\n\t\t\t<\/h2>\n<p>TO ACHIVE THE HIGHEST GOALS<\/p>\n<p>\t\t\t&lt;!&#8211;<button>Close me!<\/button>&#8211;&gt;<\/p>\n<h2>\n\t\t\t\tCOMPANY<br \/>\n\t\t\t<\/h2>\n<p>JTEKT Czech Republic s.r.o. (JAPL) is a subsidiary of JTEKT Corp., which produces car steering systems. The company was established in the Borska\u0301 pole Industrial Park, Plzen\u030c on 1st February 2006 as a successor to Koyo Steering Systems Czech s.r.o., which started its activity in 2002.<\/p>\n<p>\t\t\t<a href=\"\/o-nas\" target=\"_self\" role=\"button\"><br \/>\n\t\t\t\t\t\t\tMore about company<br \/>\n\t\t<\/a><br \/>\n\t\t<!-- Comment to fix spacing issue\n\t--><\/p>\n<h2>0<\/h2>\n<p>EMPLOYEES<br \/>\n\t<!-- Comment to fix spacing issue\n\t--><br \/>\n\t\t<!-- Comment to fix spacing issue\n\t--><\/p>\n<h2>0<\/h2>\n<p>YEARS AT THE MARKET<br \/>\n\t<!-- Comment to fix spacing issue\n\t--><br \/>\n\t\t<!-- Comment to fix spacing issue\n\t--><\/p>\n<h2>0<\/h2>\n<p>MADE MODULES YEAR<br \/>\n\t<!-- Comment to fix spacing issue\n\t--><br \/>\n\t\t<!-- Comment to fix spacing issue\n\t--><\/p>\n<h2>0%<\/h2>\n<p>EMPHASIS ON QUALITY<br \/>\n\t<!-- Comment to fix spacing issue\n\t--><\/p>\n<h3>MANUFACTURING PROGRAMME<\/h3>\n<p>The manufacturing programme of JTEKT Czech Republic s.r.o. is focused on production of steering systems for the world car brands.<\/p>\n<p>\t\t\t<a href=\"\/vyrobni-program\" target=\"_self\" role=\"button\"><br \/>\n\t\t\t\t\t\t\tMANUFACTURING PROGRAMME<br \/>\n\t\t<\/a><\/p>\n<h3>OUR PHILOSOPHY<\/h3>\n<p>Ten things that we keep in mind as the JTEKT employees.\u00a0<\/p>\n<p>\t\t\t<a href=\"\/filosofie\" target=\"_self\" role=\"button\"><br \/>\n\t\t\t\t\t\t\tOUR PHILOSOPHY<br \/>\n\t\t<\/a><\/p>\n<h3>ENVIROMENTAL POLICY<\/h3>\n<p>We take the protection of environment seriously.\u00a0<\/p>\n<p>\t\t\t<a href=\"\/enviromental\" target=\"_self\" role=\"button\"><br \/>\n\t\t\t\t\t\t\tENVIROMENTAL<br \/>\n\t\t<\/a><br \/>\n\t\t\t\t<img decoding=\"async\" src=\"http:\/\/jtekt.actmediaweb.cz\/assets\/uploads\/sites\/142\/2016\/11\/free-vector-world-map-clip-art_104870_World_Map_clip_art_hight.png\" alt=\"free-vector-world-map-clip-art_104870_world_map_clip_art_hight\" title=\"free-vector-world-map-clip-art_104870_world_map_clip_art_hight\" \/><\/p>\n<h3>\n\t\t\t\t                  STEERING SYSTEMS FOR THE WORLD CAR BRANDS<br \/>\n\t\t\t<\/h3>\n<p>The top car manufacturers put great emphasis on top quality of the parts and perfect manufacturing of the steering systems. To achieve constant professional level of our work, we use technical equipment corresponding to the latest standards. We are able to deliver car steering systems in the top quality corresponding to high technical demands of the car makers.<\/p>\n<ul>\n<li>\n\t\t\t\t<img decoding=\"async\" src=\"https:\/\/www.jtekt.cz\/assets\/uploads\/sites\/142\/2016\/11\/auto-5.png\" alt=\"auto-5\" \/><\/p>\n<h3><\/h3>\n<\/li>\n<li>\n\t\t\t\t<img decoding=\"async\" src=\"https:\/\/www.jtekt.cz\/assets\/uploads\/sites\/142\/2016\/11\/auto-6.png\" alt=\"auto-6\" \/><\/p>\n<h3><\/h3>\n<\/li>\n<li>\n\t\t\t\t<img decoding=\"async\" src=\"https:\/\/www.jtekt.cz\/assets\/uploads\/sites\/142\/2016\/11\/auto-7.png\" alt=\"auto-7\" \/><\/p>\n<h3><\/h3>\n<\/li>\n<li>\n\t\t\t\t<img decoding=\"async\" src=\"https:\/\/www.jtekt.cz\/assets\/uploads\/sites\/142\/2016\/11\/auto-1.png\" alt=\"auto-1\" \/><\/p>\n<h3><\/h3>\n<\/li>\n<li>\n\t\t\t\t<img decoding=\"async\" src=\"https:\/\/www.jtekt.cz\/assets\/uploads\/sites\/142\/2016\/11\/auto-2.png\" alt=\"auto-2\" \/><\/p>\n<h3><\/h3>\n<\/li>\n<li>\n\t\t\t\t<img decoding=\"async\" src=\"https:\/\/www.jtekt.cz\/assets\/uploads\/sites\/142\/2016\/11\/auto-3.png\" alt=\"auto-3\" \/><\/p>\n<h3><\/h3>\n<\/li>\n<li>\n\t\t\t\t<img decoding=\"async\" src=\"https:\/\/www.jtekt.cz\/assets\/uploads\/sites\/142\/2016\/11\/auto-4.png\" alt=\"auto-4\" \/><\/p>\n<h3><\/h3>\n<\/li>\n<\/ul>\n<h3>\n\t\t\t\tENVIRONMENTAL POLICY<br \/>\n\t\t\t<\/h3>\n<p>The environmental policy implemented by management of JTEKT Czech Republic s.r.o. expresses the company management and the workers&#8217; attitude towards the environment.<\/p>\n<p>\t\t\t<a href=\"\/enviromentalni-politika\" target=\"_self\" role=\"button\"><br \/>\n\t\t\t\t\t\t\tENVIRONMENTAL POLICY<br \/>\n\t\t\t\t\t<\/a><\/p>\n<h3>JTEKT CZECH REPUBLIC S.R.O.<\/h3>\n<p>Folmavsk\u00e1 37\/1152<br \/>\n301 00\u00a0Plze\u0148<\/p>\n<p>e-mail: <a href=\"mailto:info@jtekt.cz\">info@jtekt.cz<\/a><br \/>\ntel. : +420 378\u00a0011\u00a0011<br \/>\nfax.: +420 378\u00a0011\u00a0099<\/p>\n<p>\t\t\t<a href=\"\/kontakt\" target=\"_self\" role=\"button\"><br \/>\n\t\t\t\t\t\t\tMORE CONTACTS<br \/>\n\t\t<\/a><\/p>\n<h3>\n\t\t\t\tWRITE US<br \/>\n\t\t\t<\/h3>\n","protected":false},"excerpt":{"rendered":"<p>JTEKT AUTOMOTIVE TO ACHIVE THE HIGHEST GOALS &lt;!&#8211;Close me!&#8211;&gt; COMPANY JTEKT Czech Republic s.r.o. (JAPL) is a subsidiary of JTEKT Corp., which produces car steering systems. The company was established in the Borska\u0301 pole Industrial Park, Plzen\u030c on 1st February 2006 as a successor to Koyo Steering Systems Czech s.r.o., which started its activity in&hellip;<\/p>\n","protected":false},"author":1,"featured_media":0,"parent":0,"menu_order":8,"comment_status":"closed","ping_status":"closed","template":"","meta":{"footnotes":""},"class_list":["post-291","page","type-page","status-publish","hentry"],"yoast_head":"<title>JTEKT: Home<\/title>\n<meta name=\"description\" content=\"JTEKT Czech Republic s.r.o. (JAPL) je sou\u010d\u00e1st\u00ed koncernu JTEKT Corp. Zab\u00fdv\u00e1me se v\u00fdrobou syst\u00e9m\u016f \u0159\u00edzen\u00ed pro osobn\u00ed automobily.\" \/>\n<meta name=\"robots\" content=\"index, follow, max-snippet:-1, max-image-preview:large, max-video-preview:-1\" \/>\n<link rel=\"canonical\" href=\"https:\/\/www.jtekt.cz\/en\/\" \/>\n<meta property=\"og:locale\" content=\"en_US\" \/>\n<meta property=\"og:type\" content=\"article\" \/>\n<meta property=\"og:title\" content=\"JTEKT: Home\" \/>\n<meta property=\"og:description\" content=\"JTEKT Czech Republic s.r.o. (JAPL) je sou\u010d\u00e1st\u00ed koncernu JTEKT Corp. Zab\u00fdv\u00e1me se v\u00fdrobou syst\u00e9m\u016f \u0159\u00edzen\u00ed pro osobn\u00ed automobily.\" \/>\n<meta property=\"og:url\" content=\"https:\/\/www.jtekt.cz\/en\/\" \/>\n<meta property=\"og:site_name\" content=\"JTEKT\" \/>\n<meta property=\"article:modified_time\" content=\"2018-10-14T21:46:45+00:00\" \/>\n<meta property=\"og:image\" content=\"http:\/\/jtekt.actmediaweb.cz\/assets\/uploads\/sites\/142\/2016\/11\/free-vector-world-map-clip-art_104870_World_Map_clip_art_hight.png\" \/>\n<meta name=\"twitter:card\" content=\"summary_large_image\" \/>\n<meta name=\"twitter:label1\" content=\"Est. reading time\" \/>\n\t<meta name=\"twitter:data1\" content=\"1 minute\" \/>\n<script type=\"application\/ld+json\" class=\"yoast-schema-graph\">{\"@context\":\"https:\/\/schema.org\",\"@graph\":[{\"@type\":\"WebPage\",\"@id\":\"https:\/\/www.jtekt.cz\/en\/\",\"url\":\"https:\/\/www.jtekt.cz\/en\/\",\"name\":\"JTEKT: Home\",\"isPartOf\":{\"@id\":\"https:\/\/www.jtekt.cz\/#website\"},\"datePublished\":\"2016-11-01T07:23:44+00:00\",\"dateModified\":\"2018-10-14T21:46:45+00:00\",\"description\":\"JTEKT Czech Republic s.r.o. (JAPL) je sou\u010d\u00e1st\u00ed koncernu JTEKT Corp. Zab\u00fdv\u00e1me se v\u00fdrobou syst\u00e9m\u016f \u0159\u00edzen\u00ed pro osobn\u00ed automobily.\",\"breadcrumb\":{\"@id\":\"https:\/\/www.jtekt.cz\/en\/#breadcrumb\"},\"inLanguage\":\"en-US\",\"potentialAction\":[{\"@type\":\"ReadAction\",\"target\":[\"https:\/\/www.jtekt.cz\/en\/\"]}]},{\"@type\":\"BreadcrumbList\",\"@id\":\"https:\/\/www.jtekt.cz\/en\/#breadcrumb\",\"itemListElement\":[{\"@type\":\"ListItem\",\"position\":1,\"name\":\"Dom\u016f\",\"item\":\"https:\/\/www.jtekt.cz\/en\/\"},{\"@type\":\"ListItem\",\"position\":2,\"name\":\"Home\"}]},{\"@type\":\"WebSite\",\"@id\":\"https:\/\/www.jtekt.cz\/#website\",\"url\":\"https:\/\/www.jtekt.cz\/\",\"name\":\"JTEKT\",\"description\":\"JTEKT Automotive\",\"potentialAction\":[{\"@type\":\"SearchAction\",\"target\":{\"@type\":\"EntryPoint\",\"urlTemplate\":\"https:\/\/www.jtekt.cz\/?s={search_term_string}\"},\"query-input\":\"required name=search_term_string\"}],\"inLanguage\":\"en-US\"}]}<\/script>","yoast_head_json":{"title":"JTEKT: Home","description":"JTEKT Czech Republic s.r.o. (JAPL) je sou\u010d\u00e1st\u00ed koncernu JTEKT Corp. Zab\u00fdv\u00e1me se v\u00fdrobou syst\u00e9m\u016f \u0159\u00edzen\u00ed pro osobn\u00ed automobily.","robots":{"index":"index","follow":"follow","max-snippet":"max-snippet:-1","max-image-preview":"max-image-preview:large","max-video-preview":"max-video-preview:-1"},"canonical":"https:\/\/www.jtekt.cz\/en\/","og_locale":"en_US","og_type":"article","og_title":"JTEKT: Home","og_description":"JTEKT Czech Republic s.r.o. (JAPL) je sou\u010d\u00e1st\u00ed koncernu JTEKT Corp. Zab\u00fdv\u00e1me se v\u00fdrobou syst\u00e9m\u016f \u0159\u00edzen\u00ed pro osobn\u00ed automobily.","og_url":"https:\/\/www.jtekt.cz\/en\/","og_site_name":"JTEKT","article_modified_time":"2018-10-14T21:46:45+00:00","og_image":[{"url":"http:\/\/jtekt.actmediaweb.cz\/assets\/uploads\/sites\/142\/2016\/11\/free-vector-world-map-clip-art_104870_World_Map_clip_art_hight.png"}],"twitter_card":"summary_large_image","twitter_misc":{"Est. reading time":"1 minute"},"schema":{"@context":"https:\/\/schema.org","@graph":[{"@type":"WebPage","@id":"https:\/\/www.jtekt.cz\/en\/","url":"https:\/\/www.jtekt.cz\/en\/","name":"JTEKT: Home","isPartOf":{"@id":"https:\/\/www.jtekt.cz\/#website"},"datePublished":"2016-11-01T07:23:44+00:00","dateModified":"2018-10-14T21:46:45+00:00","description":"JTEKT Czech Republic s.r.o. (JAPL) je sou\u010d\u00e1st\u00ed koncernu JTEKT Corp. Zab\u00fdv\u00e1me se v\u00fdrobou syst\u00e9m\u016f \u0159\u00edzen\u00ed pro osobn\u00ed automobily.","breadcrumb":{"@id":"https:\/\/www.jtekt.cz\/en\/#breadcrumb"},"inLanguage":"en-US","potentialAction":[{"@type":"ReadAction","target":["https:\/\/www.jtekt.cz\/en\/"]}]},{"@type":"BreadcrumbList","@id":"https:\/\/www.jtekt.cz\/en\/#breadcrumb","itemListElement":[{"@type":"ListItem","position":1,"name":"Dom\u016f","item":"https:\/\/www.jtekt.cz\/en\/"},{"@type":"ListItem","position":2,"name":"Home"}]},{"@type":"WebSite","@id":"https:\/\/www.jtekt.cz\/#website","url":"https:\/\/www.jtekt.cz\/","name":"JTEKT","description":"JTEKT Automotive","potentialAction":[{"@type":"SearchAction","target":{"@type":"EntryPoint","urlTemplate":"https:\/\/www.jtekt.cz\/?s={search_term_string}"},"query-input":"required name=search_term_string"}],"inLanguage":"en-US"}]}},"_links":{"self":[{"href":"https:\/\/www.jtekt.cz\/en\/wp-json\/wp\/v2\/pages\/291","targetHints":{"allow":["GET"]}}],"collection":[{"href":"https:\/\/www.jtekt.cz\/en\/wp-json\/wp\/v2\/pages"}],"about":[{"href":"https:\/\/www.jtekt.cz\/en\/wp-json\/wp\/v2\/types\/page"}],"author":[{"embeddable":true,"href":"https:\/\/www.jtekt.cz\/en\/wp-json\/wp\/v2\/users\/1"}],"replies":[{"embeddable":true,"href":"https:\/\/www.jtekt.cz\/en\/wp-json\/wp\/v2\/comments?post=291"}],"version-history":[{"count":6,"href":"https:\/\/www.jtekt.cz\/en\/wp-json\/wp\/v2\/pages\/291\/revisions"}],"predecessor-version":[{"id":709,"href":"https:\/\/www.jtekt.cz\/en\/wp-json\/wp\/v2\/pages\/291\/revisions\/709"}],"wp:attachment":[{"href":"https:\/\/www.jtekt.cz\/en\/wp-json\/wp\/v2\/media?parent=291"}],"curies":[{"name":"wp","href":"https:\/\/api.w.org\/{rel}","templated":true}]}}