{"id":293,"date":"2016-11-01T08:29:42","date_gmt":"2016-11-01T07:29:42","guid":{"rendered":"https:\/\/www.jtekt.cz\/o-nas\/"},"modified":"2017-04-16T18:10:36","modified_gmt":"2017-04-16T16:10:36","slug":"about-us","status":"publish","type":"page","link":"https:\/\/www.jtekt.cz\/en\/about-us\/","title":{"rendered":"About us"},"content":{"rendered":"<h3>\n\t\t\t\tJTEKT Czech Republic s.r.o.<br \/>\n\t\t\t<\/h3>\n<p>NA P\u0158ESNOSTI Z\u00c1LE\u017d\u00cd<\/p>\n<p>\t\t\t<iframe id=\"uabb-\" src=\"https:\/\/www.youtube.com\/embed\/wSBMf6pxQJs?version=3&#038;enablejsapi=1\" frameborder=\"0\" allowfullscreen><\/iframe><br \/>\n\t\t\t<!--<button>Close me!<\/button>--><\/p>\n<h2>\n\t\t\t\tCOMPANY PROFILE<br \/>\n\t\t\t<\/h2>\n<p style=\"text-align: center;\"><strong><a href=\"company-profile.html\">JTEKT Czech Republic s.r.o.<\/a> <\/strong>(JAPL) is a\u00a0subsidiary of <a href=\"http:\/\/www.jtekt.co.jp\/e\/\"><strong>JTEKT Corp.<\/strong><\/a>, which produces car steering systems.<\/p>\n<p style=\"text-align: center;\">The company was established in the Borsk\u00e1 pole Industrial Park, Plze\u0148 on 1st February 2006\u00a0as a\u00a0successor to Koyo Steering Systems Czech s.r.o., which started its activity in 2002.<\/p>\n<p style=\"text-align: center;\">There are three plants belonging to the JTEKT concern in the Czech Republic. Besides the Plze\u0148 plant, the companies are located in Pardubice and Olomouc.<\/p>\n<h2>\n\t\t\t\tAWARDS<br \/>\n\t\t\t<\/h2>\n<p>The high-quality production can be documented by our awards.<\/p>\n<h2>2009 &#8211; 2014<\/h2>\n<p>Best Supplier Award<\/p>\n<p>\t\t\t<!-- END .front --><\/p>\n<p>Between 2009\u00a0and 2014, the JTEKT Company received the &#8220;Best Supplier Award&#8221; from the TPCA.<\/p>\n<p>\t\t\t<!-- END .back --><br \/>\n\t\t <!-- ifb-flip-box --><br \/>\n\t <!-- flip-box --><\/p>\n<h2>2013 a 2014<\/h2>\n<p>Safety Excellence Award a Productivity Excellence Award<\/p>\n<p>\t\t\t<!-- END .front --><\/p>\n<p>In 2013\u00a0&amp; 2014, JAPL received following\u00a0awards:<br \/>Safety Excellence Award<br \/>Productivy Excellence Award<\/p>\n<p>\t\t\t<!-- END .back --><br \/>\n\t\t <!-- ifb-flip-box --><br \/>\n\t <!-- flip-box --><\/p>\n<h2>2015<\/h2>\n<p>Supplier for the Car of the Year 2015\u00a0in the CR<\/p>\n<p>\t\t\t<!-- END .front --><\/p>\n<p>In 2015, the company received the <strong>Supplier for the Car of the Year 2015\u00a0in the CR <\/strong>award from the Car Industry Association.<\/p>\n<p>\t\t\t<!-- END .back --><br \/>\n\t\t <!-- ifb-flip-box --><br \/>\n\t <!-- flip-box --><\/p>\n<h2>\n\t\t\t\tCAREER<br \/>\n\t\t\t<\/h2>\n<p>V JTEKTu neust\u00e1le p\u0159ib\u00edr\u00e1me nov\u00e9 spolupracovn\u00edky!<\/p>\n<p style=\"text-align: center;\">At present, we employ about 900 workers and the number will increase in the future. Although we place high demands on selection of new colleagues, we rank among the leaders on the regional labour market. We maintain this status thanks to the parameters of the employment positions, which are unique in many respects, offering unrivalled opportunities for high-quality professional advance. This, together with a sophisticated system of the workers&#8217; individual development, above- standard working conditions and a broad range of benefits, renders our company an attractive employer.<\/p>\n<p>\t\t\t<a href=\"http:\/\/kariera.jtekt.cz\" target=\"_self\" role=\"button\"><br \/>\n\t\t\t\t\t\t\tKARIERN\u00cd WEB JTEKT<br \/>\n\t\t\t\t\t<\/a><\/p>\n<h2>\n\t\t\t\tPRODUCTION OF CAR STEERING SESTEMS<br \/>\n\t\t\t<\/h2>\n<p style=\"text-align: center;\"><strong>The mass production started in February 2005\u00a0and its volume is steadily growing. At present, the company produces steering systems for models of Toyota, Peugeot, Citro\u00ebn, Renault, Nissan and Volkswagen in the yearly capacity of 3\u00a0million units.\u00a0The product portfolio includes three basic types of steering systems &#8211; manual rack-and-pinion steering, power steering with electric pinion and power steering with electric column.<\/strong><\/p>\n<p style=\"text-align: center;\"><strong>To achieve constant professional level of our work, we use technical equipment corresponding to the latest standards. We are thus able to deliver the car steering systems in the top quality. To achieve all provided services, we have a\u00a0team consisting of professionally trained workers.<\/strong><\/p>\n<h3>JTEKT CZECH REPUBLIC S.R.O.<\/h3>\n<p>Folmavsk\u00e1 37\/1152<br \/>\n301 00\u00a0Plze\u0148<\/p>\n<p>e-mail: <a href=\"mailto:info@jtekt.cz\">info@jtekt.cz<\/a><br \/>\ntel. : +420 378\u00a0011\u00a0011<br \/>\nfax.: +420 378\u00a0011\u00a0099<\/p>\n<p>\t\t<a href=\"\/kontakt\" target=\"_self\"  role=\"button\"><br \/>\n\t\t\t\t\t\tMORE CONTACTS<br \/>\n\t\t<\/a><\/p>\n<h3>\n\t\t\t\tWRITE US<br \/>\n\t\t\t<\/h3>\n","protected":false},"excerpt":{"rendered":"<p>JTEKT Czech Republic s.r.o. NA P\u0158ESNOSTI Z\u00c1LE\u017d\u00cd COMPANY PROFILE JTEKT Czech Republic s.r.o. (JAPL) is a\u00a0subsidiary of JTEKT Corp., which produces car steering systems. The company was established in the Borsk\u00e1 pole Industrial Park, Plze\u0148 on 1st February 2006\u00a0as a\u00a0successor to Koyo Steering Systems Czech s.r.o., which started its activity in 2002. There are three&hellip;<\/p>\n","protected":false},"author":1,"featured_media":0,"parent":0,"menu_order":13,"comment_status":"closed","ping_status":"closed","template":"","meta":{"footnotes":""},"class_list":["post-293","page","type-page","status-publish","hentry"],"yoast_head":"<title>About us - JTEKT<\/title>\n<meta name=\"robots\" content=\"index, follow, max-snippet:-1, max-image-preview:large, max-video-preview:-1\" \/>\n<link rel=\"canonical\" href=\"https:\/\/www.jtekt.cz\/en\/about-us\/\" \/>\n<meta property=\"og:locale\" content=\"en_US\" \/>\n<meta property=\"og:type\" content=\"article\" \/>\n<meta property=\"og:title\" content=\"About us - JTEKT\" \/>\n<meta property=\"og:description\" content=\"JTEKT Czech Republic s.r.o. NA P\u0158ESNOSTI Z\u00c1LE\u017d\u00cd COMPANY PROFILE JTEKT Czech Republic s.r.o. (JAPL) is a\u00a0subsidiary of JTEKT Corp., which produces car steering systems. The company was established in the Borsk\u00e1 pole Industrial Park, Plze\u0148 on 1st February 2006\u00a0as a\u00a0successor to Koyo Steering Systems Czech s.r.o., which started its activity in 2002. There are three&hellip;\" \/>\n<meta property=\"og:url\" content=\"https:\/\/www.jtekt.cz\/en\/about-us\/\" \/>\n<meta property=\"og:site_name\" content=\"JTEKT\" \/>\n<meta property=\"article:modified_time\" content=\"2017-04-16T16:10:36+00:00\" \/>\n<meta name=\"twitter:card\" content=\"summary_large_image\" \/>\n<meta name=\"twitter:label1\" content=\"Est. reading time\" \/>\n\t<meta name=\"twitter:data1\" content=\"2 minutes\" \/>\n<script type=\"application\/ld+json\" class=\"yoast-schema-graph\">{\"@context\":\"https:\/\/schema.org\",\"@graph\":[{\"@type\":\"WebPage\",\"@id\":\"https:\/\/www.jtekt.cz\/en\/about-us\/\",\"url\":\"https:\/\/www.jtekt.cz\/en\/about-us\/\",\"name\":\"About us - JTEKT\",\"isPartOf\":{\"@id\":\"https:\/\/www.jtekt.cz\/#website\"},\"datePublished\":\"2016-11-01T07:29:42+00:00\",\"dateModified\":\"2017-04-16T16:10:36+00:00\",\"breadcrumb\":{\"@id\":\"https:\/\/www.jtekt.cz\/en\/about-us\/#breadcrumb\"},\"inLanguage\":\"en-US\",\"potentialAction\":[{\"@type\":\"ReadAction\",\"target\":[\"https:\/\/www.jtekt.cz\/en\/about-us\/\"]}]},{\"@type\":\"BreadcrumbList\",\"@id\":\"https:\/\/www.jtekt.cz\/en\/about-us\/#breadcrumb\",\"itemListElement\":[{\"@type\":\"ListItem\",\"position\":1,\"name\":\"Dom\u016f\",\"item\":\"https:\/\/www.jtekt.cz\/en\/\"},{\"@type\":\"ListItem\",\"position\":2,\"name\":\"About us\"}]},{\"@type\":\"WebSite\",\"@id\":\"https:\/\/www.jtekt.cz\/#website\",\"url\":\"https:\/\/www.jtekt.cz\/\",\"name\":\"JTEKT\",\"description\":\"JTEKT Automotive\",\"potentialAction\":[{\"@type\":\"SearchAction\",\"target\":{\"@type\":\"EntryPoint\",\"urlTemplate\":\"https:\/\/www.jtekt.cz\/?s={search_term_string}\"},\"query-input\":\"required name=search_term_string\"}],\"inLanguage\":\"en-US\"}]}<\/script>","yoast_head_json":{"title":"About us - JTEKT","robots":{"index":"index","follow":"follow","max-snippet":"max-snippet:-1","max-image-preview":"max-image-preview:large","max-video-preview":"max-video-preview:-1"},"canonical":"https:\/\/www.jtekt.cz\/en\/about-us\/","og_locale":"en_US","og_type":"article","og_title":"About us - JTEKT","og_description":"JTEKT Czech Republic s.r.o. NA P\u0158ESNOSTI Z\u00c1LE\u017d\u00cd COMPANY PROFILE JTEKT Czech Republic s.r.o. (JAPL) is a\u00a0subsidiary of JTEKT Corp., which produces car steering systems. The company was established in the Borsk\u00e1 pole Industrial Park, Plze\u0148 on 1st February 2006\u00a0as a\u00a0successor to Koyo Steering Systems Czech s.r.o., which started its activity in 2002. There are three&hellip;","og_url":"https:\/\/www.jtekt.cz\/en\/about-us\/","og_site_name":"JTEKT","article_modified_time":"2017-04-16T16:10:36+00:00","twitter_card":"summary_large_image","twitter_misc":{"Est. reading time":"2 minutes"},"schema":{"@context":"https:\/\/schema.org","@graph":[{"@type":"WebPage","@id":"https:\/\/www.jtekt.cz\/en\/about-us\/","url":"https:\/\/www.jtekt.cz\/en\/about-us\/","name":"About us - JTEKT","isPartOf":{"@id":"https:\/\/www.jtekt.cz\/#website"},"datePublished":"2016-11-01T07:29:42+00:00","dateModified":"2017-04-16T16:10:36+00:00","breadcrumb":{"@id":"https:\/\/www.jtekt.cz\/en\/about-us\/#breadcrumb"},"inLanguage":"en-US","potentialAction":[{"@type":"ReadAction","target":["https:\/\/www.jtekt.cz\/en\/about-us\/"]}]},{"@type":"BreadcrumbList","@id":"https:\/\/www.jtekt.cz\/en\/about-us\/#breadcrumb","itemListElement":[{"@type":"ListItem","position":1,"name":"Dom\u016f","item":"https:\/\/www.jtekt.cz\/en\/"},{"@type":"ListItem","position":2,"name":"About us"}]},{"@type":"WebSite","@id":"https:\/\/www.jtekt.cz\/#website","url":"https:\/\/www.jtekt.cz\/","name":"JTEKT","description":"JTEKT Automotive","potentialAction":[{"@type":"SearchAction","target":{"@type":"EntryPoint","urlTemplate":"https:\/\/www.jtekt.cz\/?s={search_term_string}"},"query-input":"required name=search_term_string"}],"inLanguage":"en-US"}]}},"_links":{"self":[{"href":"https:\/\/www.jtekt.cz\/en\/wp-json\/wp\/v2\/pages\/293","targetHints":{"allow":["GET"]}}],"collection":[{"href":"https:\/\/www.jtekt.cz\/en\/wp-json\/wp\/v2\/pages"}],"about":[{"href":"https:\/\/www.jtekt.cz\/en\/wp-json\/wp\/v2\/types\/page"}],"author":[{"embeddable":true,"href":"https:\/\/www.jtekt.cz\/en\/wp-json\/wp\/v2\/users\/1"}],"replies":[{"embeddable":true,"href":"https:\/\/www.jtekt.cz\/en\/wp-json\/wp\/v2\/comments?post=293"}],"version-history":[{"count":3,"href":"https:\/\/www.jtekt.cz\/en\/wp-json\/wp\/v2\/pages\/293\/revisions"}],"predecessor-version":[{"id":342,"href":"https:\/\/www.jtekt.cz\/en\/wp-json\/wp\/v2\/pages\/293\/revisions\/342"}],"wp:attachment":[{"href":"https:\/\/www.jtekt.cz\/en\/wp-json\/wp\/v2\/media?parent=293"}],"curies":[{"name":"wp","href":"https:\/\/api.w.org\/{rel}","templated":true}]}}